{"id":67,"date":"2013-12-29T19:18:46","date_gmt":"2013-12-29T18:18:46","guid":{"rendered":"http:\/\/www.lenamentschel.com\/wordpress\/?page_id=67"},"modified":"2025-10-17T16:35:41","modified_gmt":"2025-10-17T14:35:41","slug":"about","status":"publish","type":"page","link":"http:\/\/www.lenamentschel.com\/wordpress\/","title":{"rendered":"ABOUT"},"content":{"rendered":"\n<div class=\"is-layout-constrained wp-block-group has-black-color has-white-background-color has-text-color has-background\"><div class=\"wp-block-group__inner-container\">\n<ul>\n<li>geboren in Rosenheim, Bayern<\/li>\n\n\n\n<li>Studium der Musikp\u00e4dagogik und Musikwissenschaft sowie der Philosophie an der Ludwig-Maximilian-Universit\u00e4t M\u00fcnchen<\/li>\n\n\n\n<li>Studium \u201eInstrumental- und Gesangs-P\u00e4dagogik Jazz\u201c (IGP-Jazz) und Konzertfach Jazzgesang an der Universit\u00e4t f\u00fcr Musik und Darstellende Kunst Graz (KUG), Bachelor- Abschluss<\/li>\n\n\n\n<li>Fortbildung in ESTILL Voice Training (Level 1 + 2) <\/li>\n\n\n\n<li>Seit 2014 Leiterin der Gesangsklasse f\u00fcr Jazz\/Pop\/Rock an der Musikschule Bruck an der Mur<\/li>\n\n\n\n<li>Yoga Alliance-Certified Yoga Teacher (200 Stunden)<\/li>\n\n\n\n<li>2025 Senior Artist f\u00fcr Pop Vocals an der Gustav-Mahler-Privatuniversit\u00e4t in Klagenfurt<\/li>\n<\/ul>\n\n\n\n<p class=\"has-black-color has-white-background-color has-text-color has-background\">K\u00fcnstlerische Projekte \/ Ver\u00f6ffentlichungen<\/p>\n\n\n\n<ul>\n<li>Bandmember als Pianistin und Backround-S\u00e4ngerin bei Conchita Wurst (u.a. Headliner beim Donauinselfest Wien)<\/li>\n\n\n\n<li>LENI (Mundart-Soulband), u.a. Finalistin beim FM4 Protestsongcontest mit \u201eLENI &#8211; Geilo\u201c<\/li>\n\n\n\n<li>S\u00e4ngerin f\u00fcr die deutsche Filmfirma BMG Zomba ( Trailer \/ Werbung f\u00fcr Super RTL, RTL, Fuji, AIDA uvm)<span class=\"Apple-converted-space\">&nbsp;<\/span><\/li>\n\n\n\n<li>Langj\u00e4hrige Zusammenarbeit mit dem preisgekr\u00f6nten Jazztrio Tuesday Microgrooves, Crossover Klassik, Jazz, Drum\u2019n\u2019Bass)<\/li>\n\n\n\n<li>Lena Mentshell &#8211; DETOX (Funk &amp; R\u2019n\u2019B)<\/li>\n\n\n\n<li>Leni und der Astonaut (Duo mit Peter Taucher)<\/li>\n\n\n\n<li>Lena Mentschel &#8211; Quartett \/ Quintett (Singer Songwriter \/ Jazz)<\/li>\n\n\n\n<li>Fudl di Mare (Schlagertrash-Quartett)<\/li>\n\n\n\n<li>4 a.m. (Alternative)<\/li>\n\n\n\n<li>Obsession<\/li>\n\n\n\n<li>Niko (Electronic)<\/li>\n\n\n\n<li>Zusammenarbeit mit Bernhard Lackner<\/li>\n\n\n\n<li>Chili da Mur (A Capella)<\/li>\n<\/ul>\n\n\n\n<p>KONZERTREISEN &amp; TOURNEEN<\/p>\n\n\n\n<ul>\n<li>Peking, China, Konzerte in der \u00d6sterreichischen Botschaft und in zahlreichen Jazzclubs (im Duo mit Jen\u00f6 L\u00f6rinzc)<\/li>\n\n\n\n<li>Drei Taiwan-Tourneen &#8211; inkl. Headliner beim Taichung Jazz Festival in Taiwan (mit Tuesday Microgrooves), anl\u00e4sslich der Ver\u00f6ffentlichung des Albums \u201eSaying I love you in a Postrock way\u201c sowie beim Taipeh Jazz Festival<span class=\"Apple-converted-space\">&nbsp;<\/span><\/li>\n\n\n\n<li>Gro\u00dfe Release-Tour durch Deutschland und \u00d6sterreich mit dem Album \u201eLena Mentschel &#8211; In my little Garden\u201c (erschienen beim deutschen Jazz-Label GLM-Records), gef\u00f6rdert durch den \u00d6sterreichischen Musikfonds (inkl. Toursupport)<\/li>\n\n\n\n<li>Support f\u00fcr Granada mit LENI auf der Deutschland &amp; \u00d6sterreich-Tour 2019<\/li>\n\n\n\n<li>Europa-Tour mit Conchita Wurst (als Backing Vox)<\/li>\n\n\n\n<li>Show-Act in Disney World, Florida (USA) (Christmas Festival, mit der Formation Chilli da Mur )<\/li>\n<\/ul>\n\n\n\n<p>THEATERMUSIK \/ AUFTRAGSKOMPOSITIONEN<\/p>\n\n\n\n<ul>\n<li>Komposition \/ Produktion der Musik zum St\u00fcck \u201eEs war einmal\u201c f\u00fcr das MKT (Spielzeit 2024\/2025 im Grazer Next Liberty)<\/li>\n\n\n\n<li>Komposition \/ Produktion der Musik zum St\u00fcck \u201eDas h\u00e4ssliche Entlein\u201c f\u00fcr das MKT (Spielzeit 2022\/2023 im Grazer Next Liberty)<\/li>\n\n\n\n<li>Komposition \/ Produktion der Musik zum St\u00fcck \u201eAlice hinter den Spiegeln\u201c f\u00fcr das MKT (Spielzeit 2018\/2019 im Grazer Next Liberty)<\/li>\n\n\n\n<li>Komposition \/ Produktion der Musik zum St\u00fcck \u201ePeterchens Mondfahrt\u201c f\u00fcr das MKT (Spielzeit 2012\/2013 im Grazer Next Liberty)<\/li>\n\n\n\n<li>Komposition des Titels \u201eBye Bye\u201c, gesungen von Maxi Wawel in der RTL-Serie \u201eArme Million\u00e4re<\/li>\n\n\n\n<li>\u201eIf we didn\u2019t have music\u201c f\u00fcr das steirische Landesjugendsingen<\/li>\n\n\n\n<li>\u201eLet\u2019s raise our voices\u201c f\u00fcr das steirische Landesjugendsingen \/ Popvox<\/li>\n<\/ul>\n\n\n\n<p class=\"has-black-color has-white-background-color has-text-color has-background\">VER\u00d6FFENTLICHUNGEN<\/p>\n\n\n\n<ul class=\"has-black-color has-white-background-color has-text-color has-background\">\n<li>Tuesday Microgrooves &#8211; Saying I Love You in a Postrock Way (2016)<\/li>\n\n\n\n<li>LENI \u2013 Bipolar (2018)<\/li>\n\n\n\n<li>LENI \u2013 Ah, ok! (Kats-Records, 2022)<\/li>\n\n\n\n<li>Mandl Schorsch feat. Fudl di Mare &#8211; Melodie der Liebe (2024)<span class=\"Apple-converted-space\">&nbsp;<\/span><\/li>\n\n\n\n<li>Lena Mentshell \u2013 DETOX (M.o.D.-Music, 2012)<\/li>\n\n\n\n<li>Obsession \u201eAll we need\u201c 2011<\/li>\n\n\n\n<li>Leni und der Astronaut \u2013 Roses and Pain (ATS-Records, 2013)<\/li>\n\n\n\n<li>Lena Mentschel &#8211; In My Little Garden (GLM, 2014)<\/li>\n\n\n\n<li>Bernhard Lackner &#8211; Transition<\/li>\n<\/ul>\n\n\n\n<p><\/p>\n<\/div><\/div>\n","protected":false},"excerpt":{"rendered":"<p>K\u00fcnstlerische Projekte \/ Ver\u00f6ffentlichungen KONZERTREISEN &amp; TOURNEEN THEATERMUSIK \/ AUFTRAGSKOMPOSITIONEN VER\u00d6FFENTLICHUNGEN<\/p>\n","protected":false},"author":2,"featured_media":0,"parent":0,"menu_order":0,"comment_status":"closed","ping_status":"closed","template":"","meta":[],"_links":{"self":[{"href":"http:\/\/www.lenamentschel.com\/wordpress\/wp-json\/wp\/v2\/pages\/67"}],"collection":[{"href":"http:\/\/www.lenamentschel.com\/wordpress\/wp-json\/wp\/v2\/pages"}],"about":[{"href":"http:\/\/www.lenamentschel.com\/wordpress\/wp-json\/wp\/v2\/types\/page"}],"author":[{"embeddable":true,"href":"http:\/\/www.lenamentschel.com\/wordpress\/wp-json\/wp\/v2\/users\/2"}],"replies":[{"embeddable":true,"href":"http:\/\/www.lenamentschel.com\/wordpress\/wp-json\/wp\/v2\/comments?post=67"}],"version-history":[{"count":32,"href":"http:\/\/www.lenamentschel.com\/wordpress\/wp-json\/wp\/v2\/pages\/67\/revisions"}],"predecessor-version":[{"id":1070,"href":"http:\/\/www.lenamentschel.com\/wordpress\/wp-json\/wp\/v2\/pages\/67\/revisions\/1070"}],"wp:attachment":[{"href":"http:\/\/www.lenamentschel.com\/wordpress\/wp-json\/wp\/v2\/media?parent=67"}],"curies":[{"name":"wp","href":"https:\/\/api.w.org\/{rel}","templated":true}]}}